{"id":1541,"date":"2014-02-04T15:15:04","date_gmt":"2014-02-04T15:15:04","guid":{"rendered":"http:\/\/kanzow4.wordpress.com\/?page_id=1"},"modified":"2014-02-04T15:15:04","modified_gmt":"2014-02-04T15:15:04","slug":"about","status":"publish","type":"page","link":"https:\/\/kanzow4.noblogs.org\/?page_id=1541","title":{"rendered":"About"},"content":{"rendered":"<p>Dieses Blog dokumentiert die Luxussanierung des Hauses Kanzowstra\u00dfe 4\/4a in Berlin Prenzlauer Berg.<\/p>\n<p>Im Juni 2012 wurde das Haus verkauft an die Stonehedge 4. Projektgesellschaft mbH &amp; Co. KG, vertreten durch die SHG Verwaltungsgesellschaft mgH, vertreten durch den Gesch\u00e4ftsf\u00fchrer Nedeljko Prodanovic. Seit dem 29.08.2012 wurde die SHG 4. Projektgesellschaft mbH &amp; Co. KG eingetragene Eigent\u00fcmerin des Hauses Kanzowstr. 4\/4a. Die Verwaltung \u00fcbernahm die Vigor Haus- und Grundst\u00fccksverwaltung GmbH. Die Mietwohnungen wurden in Eigentumswohnungen umgewandelt und verkauft. Mit der Sanierung des Hauses wurde die Firma G\u00c4RTNER ARCHITEKTEN Gesellschaft von Architekten mbH beauftragt. Die Projeksteuerung \u00fcbernahm die Firma Spindler Projektsteuerung GmbH. Im April 2013 begannen die Bauarbeiten.<\/p>\n<p>Im Zuge dieser Ver\u00e4nderungen sind die meisten Mieter ausgezogen.<\/p>\n<p>&nbsp;<\/p>\n","protected":false},"excerpt":{"rendered":"<p>Dieses Blog dokumentiert die Luxussanierung des Hauses Kanzowstra\u00dfe 4\/4a in Berlin Prenzlauer Berg. Im Juni 2012 wurde das Haus verkauft an die Stonehedge 4. Projektgesellschaft mbH &amp; Co. KG, vertreten durch die SHG Verwaltungsgesellschaft mgH, vertreten durch den Gesch\u00e4ftsf\u00fchrer Nedeljko &hellip; <a href=\"https:\/\/kanzow4.noblogs.org\/?page_id=1541\">Weiterlesen <span class=\"meta-nav\">&rarr;<\/span><\/a><\/p>\n","protected":false},"author":11698,"featured_media":0,"parent":0,"menu_order":0,"comment_status":"open","ping_status":"open","template":"","meta":{"footnotes":""},"class_list":["post-1541","page","type-page","status-publish","hentry"],"_links":{"self":[{"href":"https:\/\/kanzow4.noblogs.org\/index.php?rest_route=\/wp\/v2\/pages\/1541","targetHints":{"allow":["GET"]}}],"collection":[{"href":"https:\/\/kanzow4.noblogs.org\/index.php?rest_route=\/wp\/v2\/pages"}],"about":[{"href":"https:\/\/kanzow4.noblogs.org\/index.php?rest_route=\/wp\/v2\/types\/page"}],"author":[{"embeddable":true,"href":"https:\/\/kanzow4.noblogs.org\/index.php?rest_route=\/wp\/v2\/users\/11698"}],"replies":[{"embeddable":true,"href":"https:\/\/kanzow4.noblogs.org\/index.php?rest_route=%2Fwp%2Fv2%2Fcomments&post=1541"}],"version-history":[{"count":0,"href":"https:\/\/kanzow4.noblogs.org\/index.php?rest_route=\/wp\/v2\/pages\/1541\/revisions"}],"wp:attachment":[{"href":"https:\/\/kanzow4.noblogs.org\/index.php?rest_route=%2Fwp%2Fv2%2Fmedia&parent=1541"}],"curies":[{"name":"wp","href":"https:\/\/api.w.org\/{rel}","templated":true}]}}